{"id":92,"date":"2018-05-21T16:23:36","date_gmt":"2018-05-21T19:23:36","guid":{"rendered":"http:\/\/131.255.5.12\/~convivir\/posta\/?page_id=92"},"modified":"2018-05-21T17:06:59","modified_gmt":"2018-05-21T20:06:59","slug":"emergencias","status":"publish","type":"page","link":"https:\/\/convivir.org\/posta\/emergencias\/","title":{"rendered":"Emergencias"},"content":{"rendered":"<h3>SAME\u00a0(ambulancias): 107<\/h3>\n<p>&nbsp;<\/p>\n<h3>ORIENTACI\u00d3N Y CONSULTAS<\/h3>\n<p><mark>Fundaci\u00f3n Convivir<\/mark><\/p>\n<p>Direcci\u00f3n: Gallo 950 CABA<br \/>\nTel\u00e9fono: 4866 2422 \/ 1365<\/p>\n<p>Mail: <a href=\"mailto:convivir@convivir.org\">convivir@convivir.org<\/a><\/p>\n<p>Web: <a href=\"http:\/\/www.convivir.org\">www.convivir.org<\/a><\/p>\n<p>&nbsp;<\/p>\n<p><mark>Comunidad Terap\u00e9utica El Reparo<\/mark><\/p>\n<p>Direcci\u00f3n: Mendoza 2812 CABA<\/p>\n<p>Tel\u00e9fono: 4664 6641<\/p>\n<p>Mail: <a href=\"mailto:consultas@elreparo.org.ar\">consultas@elreparo.org.ar<\/a><\/p>\n<p>Web: www. elreparo.org.ar<\/p>\n<p>&nbsp;<\/p>\n<p>&nbsp;<\/p>\n<h2>Servicios de salud para la atenci\u00f3n de consumos problem\u00e1ticos de drogas<\/h2>\n<p>&nbsp;<\/p>\n<h3>Gobierno de la Ciudad de Buenos Aires:<\/h3>\n<p>En el Ministerio de Desarrollo Humano y Habitat: asistencia, con centros propios de tratamiento, \u00a0como la prevenci\u00f3n a escuelas primarias y medias.<\/p>\n<p>Mail: \u00a0<a href=\"mailto:adiccionesdgpsa@buenosaires.gob.ar\">adiccionesdgpsa@buenosaires.gob.ar<\/a><\/p>\n<p>Web:\u00a0 <a href=\"http:\/\/www.buenosaires.gob.ar\/desarrollohumanoyhabitat\/politicassocialesenadicciones\">http:\/\/www.buenosaires.gob.ar\/desarrollohumanoyhabitat\/politicassocialesenadicciones<\/a><\/p>\n<p>Tel\u00e9fono: 108 opci\u00f3n 2.<\/p>\n<p>Direcci\u00f3n:\u00a0Piedras 1281 PB, oficina 102, CABA. (Centro de admisiones y consultas)<br \/>\nTel\u00e9fono:\u00a04361-6543.<\/p>\n<p>&nbsp;<\/p>\n<h2>Hospitales con servicios para la atenci\u00f3n de consumos problem\u00e1ticos<\/h2>\n<p><mark>HOSPITAL GENERAL DE AGUDOS DR. JUAN A. FERN\u00c1NDEZ<\/mark><\/p>\n<p>Servicio:\u00a0Salud Mental &#8211; Unidad de Toxicolog\u00eda<br \/>\nDirecci\u00f3n:\u00a0Cervi\u00f1o 3356, CABA.<br \/>\nTel\u00e9fono:\u00a04808-2600\/2650<\/p>\n<p>&nbsp;<\/p>\n<p><mark>HOSPITAL GENERAL DE AGUDOS DR. BERNARDINO RIVADAVIA<\/mark><\/p>\n<p>Servicio:\u00a0Salud Mental &#8211; Equipo de asistencia en adicciones individual y grupal.<br \/>\nDirecci\u00f3n:\u00a0Av. Las Heras 2670, CABA.<br \/>\nTel\u00e9fono:\u00a04809-2000\/01, int. 2189<\/p>\n<p>&nbsp;<\/p>\n<p><mark>CENTRO DE D\u00cdA CARLOS GARDEL<\/mark><\/p>\n<p>Servicio:\u00a0Centro de d\u00eda para pacientes adictos<br \/>\nDirecci\u00f3n:\u00a0Ag\u00fcero 301, CABA.<br \/>\nTel\u00e9fono:\u00a04866-3298<\/p>\n<p>&nbsp;<\/p>\n<p><mark>CENTRO DE SALUD MENTAL N\u00ba 3 DR. ARTURO AMEGHINO<\/mark><\/p>\n<p>Secci\u00f3n Adicciones<br \/>\nServicio:\u00a0Salud Mental.<br \/>\nSecci\u00f3n Alcoholismo:<br \/>\nDirecci\u00f3n:\u00a0Av. C\u00f3rdoba 3120, CABA.<br \/>\nTel\u00e9fono:\u00a04862-2895\/2896\/1202\/0019<\/p>\n<p>&nbsp;<\/p>\n<p><mark style=\"class: resaltado;\">HOSPITAL GENERAL DE AGUDOS DR. BERNARDINO RIVADAVIA<\/mark><\/p>\n<p>Servicio:\u00a0Prevenci\u00f3n en Adicciones<br \/>\nDirecci\u00f3n:\u00a0Gral. Urquiza 609, CABA.<br \/>\nTel\u00e9fono:\u00a04127-0437\/0284<\/p>\n<p>&nbsp;<\/p>\n<p><mark>HOSPITAL DE NI\u00d1OS DR. PEDRO DE ELIZALDE<\/mark><\/p>\n<p>Servicio:\u00a0Toxicolog\u00eda &#8211; Atenci\u00f3n a personas de hasta 19 a\u00f1os de edad<br \/>\nDirecci\u00f3n:\u00a0Av. Montes de Oca 40, CABA.<br \/>\nTel\u00e9fono:\u00a04307-7491\/5842\/4989, int. 62<br \/>\nUrgencias las 24 hs. Tel. 4300-2115<\/p>\n<p>&nbsp;<\/p>\n<p><mark>HOSPITAL INTERDISCIPLINARIO PSICOASISTENCIAL DR. JOSE T. BORDA<\/mark><\/p>\n<p>Servicio:\u00a0Departamento de Toxicoman\u00eda y Alcoholismo. Asistencia &#8211; Asesoramiento &#8211; Orientaci\u00f3n<br \/>\nDirecci\u00f3n:\u00a0Ram\u00f3n Carrillo 375, CABA.<br \/>\nTel\u00e9fono:\u00a04306-7704<\/p>\n<p>&nbsp;<\/p>\n<p><mark>HOSPITAL GENERAL DE AGUDOS DR. COSME ARGERICH<\/mark><\/p>\n<p>Servicio:\u00a0Salud Mental &#8211; Asistencia en adicciones<br \/>\nDirecci\u00f3n:\u00a0Pi y Margall 750, CABA.<br \/>\nTel\u00e9fono:\u00a04121-0742\/0737\/0741<\/p>\n<p>&nbsp;<\/p>\n<p><mark>HOSPITAL GENERAL DE AGUDOS DR. JOS\u00c9 PENNA C.E.S.A.C. N\u00ba 10<\/mark><\/p>\n<p>Servicio:\u00a0Centro de D\u00eda de las Adicciones Dr. Enrique Biedak<br \/>\nDirecci\u00f3n:\u00a0Av. Amancio Alcorta 1402, CABA.<br \/>\nTel\u00e9fono:\u00a04304-2002<\/p>\n<p>&nbsp;<\/p>\n<p><mark>HOSPITAL GENERAL DE AGUDOS DR. PARMENIO PI\u00d1ERO<\/mark><\/p>\n<p>Servicio:\u00a0Salud Mental &#8211; Asistencia en adicciones<br \/>\nDirecci\u00f3n:\u00a0Varela 1901, CABA.<br \/>\nTel\u00e9fono:\u00a04631-1352<\/p>\n<p>&nbsp;<\/p>\n<p><mark>HOSPITAL GENERAL DE AGUDOS DONACI\u00d3N FRANCISCO SANTOJANNI<\/mark><\/p>\n<p>Servicio:\u00a0Salud Mental &#8211; Asistencia en adicciones<br \/>\nDirecci\u00f3n:\u00a0Pilar 950, CABA.<br \/>\nTel\u00e9fono:\u00a04630-571<\/p>\n<p>&nbsp;<\/p>\n<p><mark>HOSPITAL GENERAL DE AGUDOS DR. TEODORO ALVAREZ<\/mark><\/p>\n<p>Servicio:\u00a0Salud Mental &#8211; Asistencia en adicciones. Hospital de D\u00eda para usuarios de drogas<br \/>\nDirecci\u00f3n:\u00a0Aranguren 2701, CABA.<br \/>\nTel\u00e9fono:\u00a04611-3642\/6666<\/p>\n<p>&nbsp;<\/p>\n<p><mark>CENTRO DE SALUD MENTAL Y ACCI\u00d3N COMUNITARIA N\u00ba 1<\/mark><\/p>\n<p>Servicio:\u00a0Asistencia &#8211; Hospital de D\u00eda para drogadependientes<br \/>\nDirecci\u00f3n:\u00a0Manuela Pedraza 1555, CABA.<br \/>\nTel\u00e9fono:\u00a04702-7489<\/p>\n<p>&nbsp;<\/p>\n<p><mark>HOSPITAL GENERAL DE AGUDOS DR. ENRIQUE TORN\u00da<\/mark><\/p>\n<p>Servicio:\u00a0Salud Mental &#8211; Asistencia en adicciones<br \/>\nDirecci\u00f3n:\u00a0Donato Alvarez 3002, CABA.<br \/>\nTel\u00e9fono:\u00a04521-8700\/3600, int. 104<\/p>\n<p>&nbsp;<\/p>\n<p>&nbsp;<\/p>\n<h2>Servicios dependientes del Gobierno Nacional<\/h2>\n<p><mark>SEDRONAR. SECRETAR\u00cdA DE PROGRAMACI\u00d3N PARA LA PREVENCI\u00d3N DE LA DROGADICCI\u00d3N<\/mark><\/p>\n<p>Servicio:\u00a0ORIENTACI\u00d3N Y DERIVACI\u00d3N A TRATAMIENTO DE ADICCIONES (DROGAS Y ALCOHOL).<br \/>\nDirecci\u00f3n:\u00a0Sarmiento 546, P.B., CABA.<br \/>\nTel\u00e9fono:\u00a0L\u00ednea Gratuita 0800-222-1133 LAS 24 HORAS \/ 4320-1211\/ 1138 \/ 1181.<br \/>\nAtenci\u00f3n:\u00a0con turno. Lunes a viernes de 9 A 17 hs.<br \/>\nEmail:\u00a0<a href=\"mailto:consulta@sedronar.gov.ar\">consulta@sedronar.gov.ar<br \/>\n<\/a>Web:\u00a0<a href=\"http:\/\/www.sedronar.gov.ar\">www.sedronar.gov.ar<\/a><\/p>\n<p>&nbsp;<\/p>\n<p><mark>HOSPITAL NACIONAL EN RED, ESPECIALIZADO EN SALUD MENTAL Y ADICCIONES (EX CE.NA.RE.SO.)<\/mark><\/p>\n<p>Servicio:\u00a0Centro especializado en adicciones. Asistencia &#8211; Consultorios externos &#8211; Hospital de d\u00eda &#8211; Internaci\u00f3n<br \/>\nDirecci\u00f3n:\u00a0Combate de los Pozos 2133, CABA.<br \/>\nTel\u00e9fono:\u00a04305-0091\/0096<br \/>\nGuardia:\u00a04304-5634<\/p>\n<p>Web: www.cenareso.gov.ar<\/p>\n","protected":false},"excerpt":{"rendered":"<p>SAME\u00a0(ambulancias): 107 &nbsp; ORIENTACI\u00d3N Y CONSULTAS Fundaci\u00f3n Convivir Direcci\u00f3n: Gallo 950 CABA Tel\u00e9fono: 4866 2422 \/ 1365 Mail: convivir@convivir.org Web: www.convivir.org &nbsp; Comunidad Terap\u00e9utica El Reparo Direcci\u00f3n: Mendoza 2812 CABA Tel\u00e9fono: 4664 6641 Mail: consultas@elreparo.org.ar &#8230; <\/p>\n<p class=\"read-more-container\"><a title=\"Emergencias\" class=\"read-more button\" href=\"https:\/\/convivir.org\/posta\/emergencias\/#more-92\" aria-label=\"More on Emergencias\">Leer m\u00e1s&#8230;<\/a><\/p>\n","protected":false},"author":1,"featured_media":0,"parent":0,"menu_order":0,"comment_status":"closed","ping_status":"closed","template":"","meta":{"_uag_custom_page_level_css":""},"uagb_featured_image_src":{"full":false,"thumbnail":false,"medium":false,"medium_large":false,"large":false,"1536x1536":false,"2048x2048":false},"uagb_author_info":{"display_name":"Daniel","author_link":"https:\/\/convivir.org\/posta\/author\/daniel\/"},"uagb_comment_info":0,"uagb_excerpt":"SAME\u00a0(ambulancias): 107 &nbsp; ORIENTACI\u00d3N Y CONSULTAS Fundaci\u00f3n Convivir Direcci\u00f3n: Gallo 950 CABA Tel\u00e9fono: 4866 2422 \/ 1365 Mail: convivir@convivir.org Web: www.convivir.org &nbsp; Comunidad Terap\u00e9utica El Reparo Direcci\u00f3n: Mendoza 2812 CABA Tel\u00e9fono: 4664 6641 Mail: consultas@elreparo.org.ar ... Leer m\u00e1s...","_links":{"self":[{"href":"https:\/\/convivir.org\/posta\/wp-json\/wp\/v2\/pages\/92"}],"collection":[{"href":"https:\/\/convivir.org\/posta\/wp-json\/wp\/v2\/pages"}],"about":[{"href":"https:\/\/convivir.org\/posta\/wp-json\/wp\/v2\/types\/page"}],"author":[{"embeddable":true,"href":"https:\/\/convivir.org\/posta\/wp-json\/wp\/v2\/users\/1"}],"replies":[{"embeddable":true,"href":"https:\/\/convivir.org\/posta\/wp-json\/wp\/v2\/comments?post=92"}],"version-history":[{"count":15,"href":"https:\/\/convivir.org\/posta\/wp-json\/wp\/v2\/pages\/92\/revisions"}],"predecessor-version":[{"id":115,"href":"https:\/\/convivir.org\/posta\/wp-json\/wp\/v2\/pages\/92\/revisions\/115"}],"wp:attachment":[{"href":"https:\/\/convivir.org\/posta\/wp-json\/wp\/v2\/media?parent=92"}],"curies":[{"name":"wp","href":"https:\/\/api.w.org\/{rel}","templated":true}]}}