{"id":82,"date":"2018-02-25T21:58:37","date_gmt":"2018-02-26T00:58:37","guid":{"rendered":"http:\/\/131.255.5.12\/~convivir\/posta\/?page_id=82"},"modified":"2020-06-16T18:50:35","modified_gmt":"2020-06-16T21:50:35","slug":"marihuana","status":"publish","type":"page","link":"https:\/\/convivir.org\/posta\/marihuana\/","title":{"rendered":"Marihuana"},"content":{"rendered":"<p><span style=\"font-weight: 400;\">La marihuana es una droga. Seg\u00fan la OMS (Organizaci\u00f3n Mundial de la Salud), cualquier sustancia, natural o sint\u00e9tica, que al consumirse pueda alterar la actividad mental y f\u00edsica de las personas, debido a sus efectos sobre el sistema nervioso central, es una droga. <\/span><\/p>\n<p><span style=\"font-weight: 400;\">Cumple las caracter\u00edsticas de una sustancia psicoactiva para la OMS \u2026\u201dSustancia que, cuando se ingiere, afecta a los procesos mentales: la emotividad, la percepci\u00f3n, el pensamiento y\/o el comportamiento de las personas.\u201d<\/span><\/p>\n<p><span style=\"font-weight: 400;\">Puede generar adicci\u00f3n, es decir, la persona experimenta el deseo, m\u00e1s o menos consciente, de volver a consumirla para volver a sentir las mismas sensaciones de la primera vez; pudiendo necesitar cada vez una dosis mayor para obtener el mismo efecto.<\/span><\/p>\n\n\n\t\t\t<div class=\"wp-block-uagb-post-carousel uagb-post-grid  uagb-post__image-position-top uagb-post__image-disabled uagb-block-4c6d14a0-d96e-49bb-aee1-ec8e8357a689     uagb-post__arrow-outside uagb-slick-carousel uagb-post__items uagb-post__columns-3 is-carousel uagb-post__columns-tablet-2 uagb-post__columns-mobile-1 uagb-post__carousel_equal-height\" data-total=\"1\" style=\"\">\n\n\t\t\t\t\t\t\t\t\t\t\t\t<article class=\"uagb-post__inner-wrap\">\t\t\t\t\t\t\t\t<h4 class=\"uagb-post__title uagb-post__text\">\n\t\t\t\t<a href=\"https:\/\/convivir.org\/posta\/como-hacer-frente-a-la-presion-de-grupo\/\" target=\"_self\" rel=\"bookmark noopener noreferrer\">C\u00f3mo hacer frente a la presi\u00f3n de grupo<\/a>\n\t\t\t<\/h4>\n\t\t\t\t\t\t<div class='uagb-post__text uagb-post-grid-byline'>\n\t\t\t\t\t\t\t<\/div>\n\t\t\t\t\t\t\t<div class='uagb-post__text uagb-post__excerpt'>\n\t\t\t\t\t<p>libertad es poder decir \u201cs\u00ed\u201d o \u201cno\u201d, lo hago o no lo hago, digan lo que digan nuestros amigos o&#8230;\t\t\t\t<\/div>\n\t\t\t\t\t\t<div class=\"uagb-post__text uagb-post__cta wp-block-button\">\n\t\t\t\t<a class=\"wp-block-button__link uagb-text-link\" style=\"\" href=\"https:\/\/convivir.org\/posta\/como-hacer-frente-a-la-presion-de-grupo\/\" target=\"_self\" rel=\"bookmark noopener noreferrer\">Leer m\u00e1s&#8230;<\/a>\n\t\t\t<\/div>\n\t\t\t\n\t\t\t\t\t\t\t\t\t<\/article>\n\t\t\t\t\t\t\t\t\t\t\t\t\t\t\t\t<article class=\"uagb-post__inner-wrap\">\t\t\t\t\t\t\t\t<h4 class=\"uagb-post__title uagb-post__text\">\n\t\t\t\t<a href=\"https:\/\/convivir.org\/posta\/efectos-al-fumar\/\" target=\"_self\" rel=\"bookmark noopener noreferrer\">Efectos al fumar<\/a>\n\t\t\t<\/h4>\n\t\t\t\t\t\t<div class='uagb-post__text uagb-post-grid-byline'>\n\t\t\t\t\t\t\t<\/div>\n\t\t\t\t\t\t\t<div class='uagb-post__text uagb-post__excerpt'>\n\t\t\t\t\t<p>Todas las drogas tiene en com\u00fan que, una vez introducidas en el organismo, llegan al cerebro a trav\u00e9s de la&#8230;\t\t\t\t<\/div>\n\t\t\t\t\t\t<div class=\"uagb-post__text uagb-post__cta wp-block-button\">\n\t\t\t\t<a class=\"wp-block-button__link uagb-text-link\" style=\"\" href=\"https:\/\/convivir.org\/posta\/efectos-al-fumar\/\" target=\"_self\" rel=\"bookmark noopener noreferrer\">Leer m\u00e1s&#8230;<\/a>\n\t\t\t<\/div>\n\t\t\t\n\t\t\t\t\t\t\t\t\t<\/article>\n\t\t\t\t\t\t\t\t\t\t\t\t\t\t\t\t<article class=\"uagb-post__inner-wrap\">\t\t\t\t\t\t\t\t<h4 class=\"uagb-post__title uagb-post__text\">\n\t\t\t\t<a href=\"https:\/\/convivir.org\/posta\/que-fuman-los-que-fuman\/\" target=\"_self\" rel=\"bookmark noopener noreferrer\">\u00bfQu\u00e9 fuman los que fuman?<\/a>\n\t\t\t<\/h4>\n\t\t\t\t\t\t<div class='uagb-post__text uagb-post-grid-byline'>\n\t\t\t\t\t\t\t<\/div>\n\t\t\t\t\t\t\t<div class='uagb-post__text uagb-post__excerpt'>\n\t\t\t\t\t<p>La marihuana es una droga ilegal. Como todas las drogas que se encuentran en el mercado negro est\u00e1n sometidas a&#8230;\t\t\t\t<\/div>\n\t\t\t\t\t\t<div class=\"uagb-post__text uagb-post__cta wp-block-button\">\n\t\t\t\t<a class=\"wp-block-button__link uagb-text-link\" style=\"\" href=\"https:\/\/convivir.org\/posta\/que-fuman-los-que-fuman\/\" target=\"_self\" rel=\"bookmark noopener noreferrer\">Leer m\u00e1s&#8230;<\/a>\n\t\t\t<\/div>\n\t\t\t\n\t\t\t\t\t\t\t\t\t<\/article>\n\t\t\t\t\t\t\t\t\t\t\t\t\t\t\t\t<article class=\"uagb-post__inner-wrap\">\t\t\t\t\t\t\t\t<h4 class=\"uagb-post__title uagb-post__text\">\n\t\t\t\t<a href=\"https:\/\/convivir.org\/posta\/accion-silenciosa-y-progresiva\/\" target=\"_self\" rel=\"bookmark noopener noreferrer\">Acci\u00f3n silenciosa y progresiva<\/a>\n\t\t\t<\/h4>\n\t\t\t\t\t\t<div class='uagb-post__text uagb-post-grid-byline'>\n\t\t\t\t\t\t\t<\/div>\n\t\t\t\t\t\t\t<div class='uagb-post__text uagb-post__excerpt'>\n\t\t\t\t\t<p>\u201cLas drogas trabajan en silencio\u201d \u00bfSab\u00e9s cu\u00e1l es tu l\u00edmite? \u00bfSabes hasta donde aguanta tu cuerpo? El gran problema de&#8230;\t\t\t\t<\/div>\n\t\t\t\t\t\t<div class=\"uagb-post__text uagb-post__cta wp-block-button\">\n\t\t\t\t<a class=\"wp-block-button__link uagb-text-link\" style=\"\" href=\"https:\/\/convivir.org\/posta\/accion-silenciosa-y-progresiva\/\" target=\"_self\" rel=\"bookmark noopener noreferrer\">Leer m\u00e1s&#8230;<\/a>\n\t\t\t<\/div>\n\t\t\t\n\t\t\t\t\t\t\t\t\t<\/article>\n\t\t\t\t\t\t\t\t\t\t\t\t\t\t\t\t<article class=\"uagb-post__inner-wrap\">\t\t\t\t\t\t\t\t<h4 class=\"uagb-post__title uagb-post__text\">\n\t\t\t\t<a href=\"https:\/\/convivir.org\/posta\/marihuana-y-percepcion-social\/\" target=\"_self\" rel=\"bookmark noopener noreferrer\">Marihuana y percepci\u00f3n social<\/a>\n\t\t\t<\/h4>\n\t\t\t\t\t\t<div class='uagb-post__text uagb-post-grid-byline'>\n\t\t\t\t\t\t\t<\/div>\n\t\t\t\t\t\t\t<div class='uagb-post__text uagb-post__excerpt'>\n\t\t\t\t\t<p>Todas las estad\u00edsticas coinciden en el aumento del consumo de marihuana. En los \u00faltimos a\u00f1os ha surgido cierta controversia y&#8230;\t\t\t\t<\/div>\n\t\t\t\t\t\t<div class=\"uagb-post__text uagb-post__cta wp-block-button\">\n\t\t\t\t<a class=\"wp-block-button__link uagb-text-link\" style=\"\" href=\"https:\/\/convivir.org\/posta\/marihuana-y-percepcion-social\/\" target=\"_self\" rel=\"bookmark noopener noreferrer\">Leer m\u00e1s&#8230;<\/a>\n\t\t\t<\/div>\n\t\t\t\n\t\t\t\t\t\t\t\t\t<\/article>\n\t\t\t\t\t\t\t\t\t\t\t<\/div>\n\t\t\t\n\n\n<div class=\"wp-block-button aligncenter bigbut\"><a class=\"wp-block-button__link no-border-radius\" href=\"https:\/\/convivir.org\/posta\/category\/marihuana\/\">Ver todas las notas sobre Marihuana<\/a><\/div>\n","protected":false},"excerpt":{"rendered":"<p>La marihuana es una droga. Seg\u00fan la OMS (Organizaci\u00f3n Mundial de la Salud), cualquier sustancia, natural o sint\u00e9tica, que al consumirse pueda alterar la actividad mental y f\u00edsica de las personas, debido a sus efectos &#8230; <\/p>\n<p class=\"read-more-container\"><a title=\"Marihuana\" class=\"read-more button\" href=\"https:\/\/convivir.org\/posta\/marihuana\/#more-82\" aria-label=\"More on Marihuana\">Leer m\u00e1s&#8230;<\/a><\/p>\n","protected":false},"author":1,"featured_media":0,"parent":0,"menu_order":0,"comment_status":"closed","ping_status":"closed","template":"","meta":{"_uag_custom_page_level_css":""},"uagb_featured_image_src":{"full":false,"thumbnail":false,"medium":false,"medium_large":false,"large":false,"1536x1536":false,"2048x2048":false},"uagb_author_info":{"display_name":"Daniel","author_link":"https:\/\/convivir.org\/posta\/author\/daniel\/"},"uagb_comment_info":0,"uagb_excerpt":"La marihuana es una droga. Seg\u00fan la OMS (Organizaci\u00f3n Mundial de la Salud), cualquier sustancia, natural o sint\u00e9tica, que al consumirse pueda alterar la actividad mental y f\u00edsica de las personas, debido a sus efectos ... Leer m\u00e1s...","_links":{"self":[{"href":"https:\/\/convivir.org\/posta\/wp-json\/wp\/v2\/pages\/82"}],"collection":[{"href":"https:\/\/convivir.org\/posta\/wp-json\/wp\/v2\/pages"}],"about":[{"href":"https:\/\/convivir.org\/posta\/wp-json\/wp\/v2\/types\/page"}],"author":[{"embeddable":true,"href":"https:\/\/convivir.org\/posta\/wp-json\/wp\/v2\/users\/1"}],"replies":[{"embeddable":true,"href":"https:\/\/convivir.org\/posta\/wp-json\/wp\/v2\/comments?post=82"}],"version-history":[{"count":7,"href":"https:\/\/convivir.org\/posta\/wp-json\/wp\/v2\/pages\/82\/revisions"}],"predecessor-version":[{"id":224,"href":"https:\/\/convivir.org\/posta\/wp-json\/wp\/v2\/pages\/82\/revisions\/224"}],"wp:attachment":[{"href":"https:\/\/convivir.org\/posta\/wp-json\/wp\/v2\/media?parent=82"}],"curies":[{"name":"wp","href":"https:\/\/api.w.org\/{rel}","templated":true}]}}