{"id":50,"date":"2018-02-25T19:52:28","date_gmt":"2018-02-25T22:52:28","guid":{"rendered":"http:\/\/131.255.5.12\/~convivir\/posta\/?page_id=50"},"modified":"2020-06-16T18:51:16","modified_gmt":"2020-06-16T21:51:16","slug":"alcohol","status":"publish","type":"page","link":"https:\/\/convivir.org\/posta\/alcohol\/","title":{"rendered":"Alcohol"},"content":{"rendered":"\n<p><span style=\"font-weight: 400;\">Hoy muchos chicos y chicas consumen alcohol y algunos de ellos pueden establecer una relaci\u00f3n que eventualmente les provoque complicaciones, ya sea en relaci\u00f3n con los dem\u00e1s, su cuerpo y su salud.<\/span><\/p>\n\n\n\n<p><span style=\"font-weight: 400;\">Seg\u00fan una encuesta de la Secretar\u00eda para la Prevenci\u00f3n de la Drogadicci\u00f3n y la Lucha contra el Narcotr\u00e1fico, (SEDRONAR):<\/span><\/p>\n\n\n\n<ul><li><span style=\"font-weight: 400;\">El alcohol es la sustancia de mayor consumo en chicos y chicas de 13 a 17 a\u00f1os. <\/span><\/li><li><span style=\"font-weight: 400;\">Se identificaron situaciones de <\/span><b>exceso <\/b><span style=\"font-weight: 400;\">en determinadas ocasiones, especialmente durante los fines de semana: casi el 30% de los j\u00f3venes encuestados reconoci\u00f3 haberse emborrachado. <\/span><\/li><li style=\"font-weight: 400;\"><span style=\"font-weight: 400;\">La forma de consumo de <\/span><b>exceso <\/b><span style=\"font-weight: 400;\">puede ser de mucho riesgo por estar asociado a severas consecuencias f\u00edsicas y emocionales que incluyen accidentes de tr\u00e1nsito, situaciones de violencia, sexo sin protecci\u00f3n, entre otras. <\/span><\/li><\/ul>\n\n\n\n<p><span style=\"font-weight: 400;\">La<\/span><b> OMS <\/b><span style=\"font-weight: 400;\">(Organizaci\u00f3n Mundial de la Salud) recomienda evitar el consumo de alcohol en menores de 18 a\u00f1os ya que el consumo en edad temprana, aumenta el riesgo de provocar dependencia en la edad adulta.<\/span><\/p>\n\n\n\n\t\t\t<div class=\"wp-block-uagb-post-carousel uagb-post-grid  uagb-post__image-position-top uagb-post__image-disabled uagb-block-edcfa54e-a658-4eed-972a-712e48b7179f     uagb-post__arrow-outside uagb-slick-carousel uagb-post__items uagb-post__columns-3 is-carousel uagb-post__columns-tablet-2 uagb-post__columns-mobile-1 uagb-post__carousel_equal-height\" data-total=\"2\" style=\"\">\n\n\t\t\t\t\t\t\t\t\t\t\t\t<article class=\"uagb-post__inner-wrap\">\t\t\t\t\t\t\t\t<h4 class=\"uagb-post__title uagb-post__text\">\n\t\t\t\t<a href=\"https:\/\/convivir.org\/posta\/accion-silenciosa-y-progresiva\/\" target=\"_self\" rel=\"bookmark noopener noreferrer\">Acci\u00f3n silenciosa y progresiva<\/a>\n\t\t\t<\/h4>\n\t\t\t\t\t\t<div class='uagb-post__text uagb-post-grid-byline'>\n\t\t\t\t\t\t\t<\/div>\n\t\t\t\t\t\t\t<div class='uagb-post__text uagb-post__excerpt'>\n\t\t\t\t\t<p>\u201cLas drogas trabajan en silencio\u201d \u00bfSab\u00e9s cu\u00e1l es tu l\u00edmite? \u00bfSabes hasta donde aguanta tu cuerpo? El gran problema de&#8230;\t\t\t\t<\/div>\n\t\t\t\t\t\t<div class=\"uagb-post__text uagb-post__cta wp-block-button\">\n\t\t\t\t<a class=\"wp-block-button__link uagb-text-link\" style=\"\" href=\"https:\/\/convivir.org\/posta\/accion-silenciosa-y-progresiva\/\" target=\"_self\" rel=\"bookmark noopener noreferrer\">Leer m\u00e1s&#8230;<\/a>\n\t\t\t<\/div>\n\t\t\t\n\t\t\t\t\t\t\t\t\t<\/article>\n\t\t\t\t\t\t\t\t\t\t\t\t\t\t\t\t<article class=\"uagb-post__inner-wrap\">\t\t\t\t\t\t\t\t<h4 class=\"uagb-post__title uagb-post__text\">\n\t\t\t\t<a href=\"https:\/\/convivir.org\/posta\/que-hacer-cuando-un-amigo-a-esta-muy-borracho\/\" target=\"_self\" rel=\"bookmark noopener noreferrer\">Qu\u00e9 hacer cuando un amigo\/a esta muy borracho<\/a>\n\t\t\t<\/h4>\n\t\t\t\t\t\t<div class='uagb-post__text uagb-post-grid-byline'>\n\t\t\t\t\t\t\t<\/div>\n\t\t\t\t\t\t\t<div class='uagb-post__text uagb-post__excerpt'>\n\t\t\t\t\t<p>Pasarse con la bebida, emborracharse puede derivar en algo complicado, conflictivo, hasta incluso muy grave. Pero,\u00a0\u00bfqu\u00e9 hacer cuando un amigo&#8230;\t\t\t\t<\/div>\n\t\t\t\t\t\t<div class=\"uagb-post__text uagb-post__cta wp-block-button\">\n\t\t\t\t<a class=\"wp-block-button__link uagb-text-link\" style=\"\" href=\"https:\/\/convivir.org\/posta\/que-hacer-cuando-un-amigo-a-esta-muy-borracho\/\" target=\"_self\" rel=\"bookmark noopener noreferrer\">Leer m\u00e1s&#8230;<\/a>\n\t\t\t<\/div>\n\t\t\t\n\t\t\t\t\t\t\t\t\t<\/article>\n\t\t\t\t\t\t\t\t\t\t\t\t\t\t\t\t<article class=\"uagb-post__inner-wrap\">\t\t\t\t\t\t\t\t<h4 class=\"uagb-post__title uagb-post__text\">\n\t\t\t\t<a href=\"https:\/\/convivir.org\/posta\/para-que-tomo\/\" target=\"_self\" rel=\"bookmark noopener noreferrer\">\u00bfPara qu\u00e9 tomo?<\/a>\n\t\t\t<\/h4>\n\t\t\t\t\t\t<div class='uagb-post__text uagb-post-grid-byline'>\n\t\t\t\t\t\t\t<\/div>\n\t\t\t\t\t\t\t<div class='uagb-post__text uagb-post__excerpt'>\n\t\t\t\t\t<p>Tomo porque me da confianza a m\u00ed mismo: Si tom\u00e1s para sentirte seguro, por ejemplo, para hablar con una chica&#8230;\t\t\t\t<\/div>\n\t\t\t\t\t\t<div class=\"uagb-post__text uagb-post__cta wp-block-button\">\n\t\t\t\t<a class=\"wp-block-button__link uagb-text-link\" style=\"\" href=\"https:\/\/convivir.org\/posta\/para-que-tomo\/\" target=\"_self\" rel=\"bookmark noopener noreferrer\">Leer m\u00e1s&#8230;<\/a>\n\t\t\t<\/div>\n\t\t\t\n\t\t\t\t\t\t\t\t\t<\/article>\n\t\t\t\t\t\t\t\t\t\t\t\t\t\t\t\t<article class=\"uagb-post__inner-wrap\">\t\t\t\t\t\t\t\t<h4 class=\"uagb-post__title uagb-post__text\">\n\t\t\t\t<a href=\"https:\/\/convivir.org\/posta\/alcohol-y-diversion\/\" target=\"_self\" rel=\"bookmark noopener noreferrer\">Alcohol y diversi\u00f3n<\/a>\n\t\t\t<\/h4>\n\t\t\t\t\t\t<div class='uagb-post__text uagb-post-grid-byline'>\n\t\t\t\t\t\t\t<\/div>\n\t\t\t\t\t\t\t<div class='uagb-post__text uagb-post__excerpt'>\n\t\t\t\t\t<p>El consumo de bebidas alcoh\u00f3licas tiende a concentrarse en los fines de semana: los viernes, s\u00e1bados y domingos suele consumirse&#8230;\t\t\t\t<\/div>\n\t\t\t\t\t\t<div class=\"uagb-post__text uagb-post__cta wp-block-button\">\n\t\t\t\t<a class=\"wp-block-button__link uagb-text-link\" style=\"\" href=\"https:\/\/convivir.org\/posta\/alcohol-y-diversion\/\" target=\"_self\" rel=\"bookmark noopener noreferrer\">Leer m\u00e1s&#8230;<\/a>\n\t\t\t<\/div>\n\t\t\t\n\t\t\t\t\t\t\t\t\t<\/article>\n\t\t\t\t\t\t\t\t\t\t\t\t\t\t\t\t<article class=\"uagb-post__inner-wrap\">\t\t\t\t\t\t\t\t<h4 class=\"uagb-post__title uagb-post__text\">\n\t\t\t\t<a href=\"https:\/\/convivir.org\/posta\/alcohol-y-conduccion\/\" target=\"_self\" rel=\"bookmark noopener noreferrer\">Alcohol y conducci\u00f3n<\/a>\n\t\t\t<\/h4>\n\t\t\t\t\t\t<div class='uagb-post__text uagb-post-grid-byline'>\n\t\t\t\t\t\t\t<\/div>\n\t\t\t\t\t\t\t<div class='uagb-post__text uagb-post__excerpt'>\n\t\t\t\t\t<p>La ingesta de alcohol afecta de forma importante a las aptitudes para la conducci\u00f3n, provocando alteraciones de la atenci\u00f3n, la&#8230;\t\t\t\t<\/div>\n\t\t\t\t\t\t<div class=\"uagb-post__text uagb-post__cta wp-block-button\">\n\t\t\t\t<a class=\"wp-block-button__link uagb-text-link\" style=\"\" href=\"https:\/\/convivir.org\/posta\/alcohol-y-conduccion\/\" target=\"_self\" rel=\"bookmark noopener noreferrer\">Leer m\u00e1s&#8230;<\/a>\n\t\t\t<\/div>\n\t\t\t\n\t\t\t\t\t\t\t\t\t<\/article>\n\t\t\t\t\t\t\t\t\t\t\t\t\t\t\t\t<article class=\"uagb-post__inner-wrap\">\t\t\t\t\t\t\t\t<h4 class=\"uagb-post__title uagb-post__text\">\n\t\t\t\t<a href=\"https:\/\/convivir.org\/posta\/alcohol-y-violencia-interpersonal\/\" target=\"_self\" rel=\"bookmark noopener noreferrer\">Alcohol y violencia interpersonal<\/a>\n\t\t\t<\/h4>\n\t\t\t\t\t\t<div class='uagb-post__text uagb-post-grid-byline'>\n\t\t\t\t\t\t\t<\/div>\n\t\t\t\t\t\t\t<div class='uagb-post__text uagb-post__excerpt'>\n\t\t\t\t\t<p>Los mecanismos que relacionan el alcohol y la violencia interpersonal son m\u00faltiples. El consumo nocivo de alcohol afecta directamente a&#8230;\t\t\t\t<\/div>\n\t\t\t\t\t\t<div class=\"uagb-post__text uagb-post__cta wp-block-button\">\n\t\t\t\t<a class=\"wp-block-button__link uagb-text-link\" style=\"\" href=\"https:\/\/convivir.org\/posta\/alcohol-y-violencia-interpersonal\/\" target=\"_self\" rel=\"bookmark noopener noreferrer\">Leer m\u00e1s&#8230;<\/a>\n\t\t\t<\/div>\n\t\t\t\n\t\t\t\t\t\t\t\t\t<\/article>\n\t\t\t\t\t\t\t\t\t\t\t<\/div>\n\t\t\t\n\n\n<div class=\"wp-block-button aligncenter bigbut\"><a class=\"wp-block-button__link no-border-radius\" href=\"https:\/\/convivir.org\/posta\/category\/alcohol\/\">Ver todas las notas sobre alcohol<\/a><\/div>\n","protected":false},"excerpt":{"rendered":"<p>Hoy muchos chicos y chicas consumen alcohol y algunos de ellos pueden establecer una relaci\u00f3n que eventualmente les provoque complicaciones, ya sea en relaci\u00f3n con los dem\u00e1s, su cuerpo y su salud. Seg\u00fan una encuesta &#8230; <\/p>\n<p class=\"read-more-container\"><a title=\"Alcohol\" class=\"read-more button\" href=\"https:\/\/convivir.org\/posta\/alcohol\/#more-50\" aria-label=\"More on Alcohol\">Leer m\u00e1s&#8230;<\/a><\/p>\n","protected":false},"author":1,"featured_media":0,"parent":0,"menu_order":0,"comment_status":"closed","ping_status":"closed","template":"","meta":{"_uag_custom_page_level_css":""},"uagb_featured_image_src":{"full":false,"thumbnail":false,"medium":false,"medium_large":false,"large":false,"1536x1536":false,"2048x2048":false},"uagb_author_info":{"display_name":"Daniel","author_link":"https:\/\/convivir.org\/posta\/author\/daniel\/"},"uagb_comment_info":0,"uagb_excerpt":"Hoy muchos chicos y chicas consumen alcohol y algunos de ellos pueden establecer una relaci\u00f3n que eventualmente les provoque complicaciones, ya sea en relaci\u00f3n con los dem\u00e1s, su cuerpo y su salud. Seg\u00fan una encuesta ... Leer m\u00e1s...","_links":{"self":[{"href":"https:\/\/convivir.org\/posta\/wp-json\/wp\/v2\/pages\/50"}],"collection":[{"href":"https:\/\/convivir.org\/posta\/wp-json\/wp\/v2\/pages"}],"about":[{"href":"https:\/\/convivir.org\/posta\/wp-json\/wp\/v2\/types\/page"}],"author":[{"embeddable":true,"href":"https:\/\/convivir.org\/posta\/wp-json\/wp\/v2\/users\/1"}],"replies":[{"embeddable":true,"href":"https:\/\/convivir.org\/posta\/wp-json\/wp\/v2\/comments?post=50"}],"version-history":[{"count":12,"href":"https:\/\/convivir.org\/posta\/wp-json\/wp\/v2\/pages\/50\/revisions"}],"predecessor-version":[{"id":225,"href":"https:\/\/convivir.org\/posta\/wp-json\/wp\/v2\/pages\/50\/revisions\/225"}],"wp:attachment":[{"href":"https:\/\/convivir.org\/posta\/wp-json\/wp\/v2\/media?parent=50"}],"curies":[{"name":"wp","href":"https:\/\/api.w.org\/{rel}","templated":true}]}}