{"id":12,"date":"2017-12-20T17:59:54","date_gmt":"2017-12-20T20:59:54","guid":{"rendered":"http:\/\/131.255.5.12\/~convivir\/posta\/?page_id=12"},"modified":"2022-06-06T18:08:58","modified_gmt":"2022-06-06T21:08:58","slug":"inicio","status":"publish","type":"page","link":"https:\/\/convivir.org\/posta\/","title":{"rendered":"Inicio"},"content":{"rendered":"\n<p><strong>Posta<\/strong> es una p\u00e1gina pensada para chicos y chicas que quieran tener buena informaci\u00f3n para el cuidado de su salud y su bienestar.<br>Aqu\u00ed encontrar\u00e1s <strong>informaci\u00f3n posta<\/strong>, es decir clara y confiable sobre el <strong>alcohol<\/strong> y la&nbsp;<strong>marihuana<\/strong> que te ser\u00e1 \u00fatil para reflexionar sobre el consumo de estas sustancias y ayudar a identificar posibles situaciones de riesgo cuando entablas relaci\u00f3n con estas sustancias.<br>Date una vuelta por <strong>pOsta<\/strong> tal vez pueda ayudarte a aclarar dudas.<\/p>\n\n\n<style type=\"text\/css\">\n#foogallery-gallery-180.fg-justified .fg-item { margin-right: 40px; margin-bottom: 40px; }\n#foogallery-gallery-180.fg-justified .fg-image { height: 360px; }<\/style>\n\t\t\t<div class=\"foogallery foogallery-container foogallery-justified foogallery-lightbox-foobox fg-justified fg-ready fg-light fg-loading-default fg-loaded-fade-in fg-hover-scale fg-hover-fade fg-transparent-overlays\" id=\"foogallery-gallery-180\" data-foogallery=\"{&quot;item&quot;:{&quot;showCaptionTitle&quot;:true,&quot;showCaptionDescription&quot;:true},&quot;lazy&quot;:true,&quot;template&quot;:{&quot;rowHeight&quot;:360,&quot;maxRowHeight&quot;:720,&quot;margins&quot;:40,&quot;align&quot;:&quot;center&quot;,&quot;lastRow&quot;:&quot;smart&quot;}}\" style=\"--fg-title-line-clamp: 0; --fg-description-line-clamp: 0;\" >\n\t<div class=\"fg-item fg-type-iframe fg-idle\"><figure class=\"fg-item-inner\"><a href=\"https:\/\/convivir.org\/posta\/alcohol\/\" data-attachment-id=\"173\" data-type=\"iframe\" class=\"fg-thumb\"><span class=\"fg-image-wrap\"><img decoding=\"async\" height=\"720\" width=\"1080\" class=\"skip-lazy fg-image\" data-src-fg=\"https:\/\/convivir.org\/posta\/wp-content\/uploads\/2019\/04\/pOsta-banner-alcohol.png\" src=\"data:image\/svg+xml,%3Csvg%20xmlns%3D%22http%3A%2F%2Fwww.w3.org%2F2000%2Fsvg%22%20width%3D%221080%22%20height%3D%22720%22%20viewBox%3D%220%200%201080%20720%22%3E%3C%2Fsvg%3E\" loading=\"eager\"><\/span><span class=\"fg-image-overlay\"><\/span><\/a><\/figure><div class=\"fg-loader\"><\/div><\/div><div class=\"fg-item fg-type-iframe fg-idle\"><figure class=\"fg-item-inner\"><a href=\"https:\/\/convivir.org\/posta\/marihuana\/\" data-attachment-id=\"174\" data-type=\"iframe\" class=\"fg-thumb\"><span class=\"fg-image-wrap\"><img decoding=\"async\" height=\"720\" width=\"1080\" class=\"skip-lazy fg-image\" data-src-fg=\"https:\/\/convivir.org\/posta\/wp-content\/uploads\/2019\/04\/pOsta-banner-marihuana.png\" src=\"data:image\/svg+xml,%3Csvg%20xmlns%3D%22http%3A%2F%2Fwww.w3.org%2F2000%2Fsvg%22%20width%3D%221080%22%20height%3D%22720%22%20viewBox%3D%220%200%201080%20720%22%3E%3C%2Fsvg%3E\" loading=\"eager\"><\/span><span class=\"fg-image-overlay\"><\/span><\/a><\/figure><div class=\"fg-loader\"><\/div><\/div><\/div>\n\n\n\n<div style=\"height:30px\" aria-hidden=\"true\" class=\"wp-block-spacer\"><\/div>\n\n\n<style type=\"text\/css\">\n#foogallery-gallery-132 .fg-image { width: 551px; }<\/style>\n\t\t\t<div class=\"foogallery foogallery-container foogallery-image-viewer foogallery-link-image foogallery-lightbox-foobox fg-center fg-image-viewer fg-ready fg-light fg-border-thick fg-shadow-outline fg-loading-default fg-loaded-fade-in fg-hover-colorize fg-hover-fade fg-hover-zoom\" id=\"foogallery-gallery-132\" data-foogallery=\"{&quot;item&quot;:{&quot;showCaptionTitle&quot;:true,&quot;showCaptionDescription&quot;:true},&quot;lazy&quot;:true,&quot;template&quot;:{&quot;loop&quot;:true}}\" style=\"--fg-title-line-clamp: 0; --fg-description-line-clamp: 0;\" >\n\t<div class=\"fiv-inner\">\n\t\t<div class=\"fiv-inner-container\">\n\t\t\t<div class=\"fg-item fg-type-image fg-idle\"><figure class=\"fg-item-inner\"><a href=\"https:\/\/convivir.org\/posta\/wp-content\/uploads\/2018\/05\/3-personajes-1c.png\" data-attachment-id=\"119\" data-type=\"image\" class=\"fg-thumb\"><span class=\"fg-image-wrap\"><img decoding=\"async\" width=\"551\" height=\"342\" class=\"skip-lazy fg-image\" data-src-fg=\"https:\/\/convivir.org\/posta\/wp-content\/uploads\/cache\/2018\/05\/3-personajes-1c\/2703997884.png\" src=\"data:image\/svg+xml,%3Csvg%20xmlns%3D%22http%3A%2F%2Fwww.w3.org%2F2000%2Fsvg%22%20width%3D%22551%22%20height%3D%22342%22%20viewBox%3D%220%200%20551%20342%22%3E%3C%2Fsvg%3E\" loading=\"eager\"><\/span><span class=\"fg-image-overlay\"><\/span><\/a><\/figure><div class=\"fg-loader\"><\/div><\/div><div class=\"fg-item fg-type-image fg-idle\"><figure class=\"fg-item-inner\"><a href=\"https:\/\/convivir.org\/posta\/wp-content\/uploads\/2018\/05\/m-volar-arrastrar-c.png\" data-attachment-id=\"128\" data-type=\"image\" class=\"fg-thumb\"><span class=\"fg-image-wrap\"><img decoding=\"async\" width=\"551\" height=\"342\" class=\"skip-lazy fg-image\" data-src-fg=\"https:\/\/convivir.org\/posta\/wp-content\/uploads\/cache\/2018\/05\/m-volar-arrastrar-c\/713617343.png\" src=\"data:image\/svg+xml,%3Csvg%20xmlns%3D%22http%3A%2F%2Fwww.w3.org%2F2000%2Fsvg%22%20width%3D%22551%22%20height%3D%22342%22%20viewBox%3D%220%200%20551%20342%22%3E%3C%2Fsvg%3E\" loading=\"eager\"><\/span><span class=\"fg-image-overlay\"><\/span><\/a><\/figure><div class=\"fg-loader\"><\/div><\/div><div class=\"fg-item fg-type-image fg-idle\"><figure class=\"fg-item-inner\"><a href=\"https:\/\/convivir.org\/posta\/wp-content\/uploads\/2018\/05\/m-loquito-bobito-c.png\" data-attachment-id=\"127\" data-type=\"image\" class=\"fg-thumb\"><span class=\"fg-image-wrap\"><img decoding=\"async\" width=\"551\" height=\"342\" class=\"skip-lazy fg-image\" data-src-fg=\"https:\/\/convivir.org\/posta\/wp-content\/uploads\/cache\/2018\/05\/m-loquito-bobito-c\/3403374813.png\" src=\"data:image\/svg+xml,%3Csvg%20xmlns%3D%22http%3A%2F%2Fwww.w3.org%2F2000%2Fsvg%22%20width%3D%22551%22%20height%3D%22342%22%20viewBox%3D%220%200%20551%20342%22%3E%3C%2Fsvg%3E\" loading=\"eager\"><\/span><span class=\"fg-image-overlay\"><\/span><\/a><\/figure><div class=\"fg-loader\"><\/div><\/div><div class=\"fg-item fg-type-image fg-idle\"><figure class=\"fg-item-inner\"><a href=\"https:\/\/convivir.org\/posta\/wp-content\/uploads\/2018\/05\/m-impotencia-c.png\" data-attachment-id=\"126\" data-type=\"image\" class=\"fg-thumb\"><span class=\"fg-image-wrap\"><img decoding=\"async\" width=\"551\" height=\"342\" class=\"skip-lazy fg-image\" data-src-fg=\"https:\/\/convivir.org\/posta\/wp-content\/uploads\/cache\/2018\/05\/m-impotencia-c\/351075029.png\" src=\"data:image\/svg+xml,%3Csvg%20xmlns%3D%22http%3A%2F%2Fwww.w3.org%2F2000%2Fsvg%22%20width%3D%22551%22%20height%3D%22342%22%20viewBox%3D%220%200%20551%20342%22%3E%3C%2Fsvg%3E\" loading=\"eager\"><\/span><span class=\"fg-image-overlay\"><\/span><\/a><\/figure><div class=\"fg-loader\"><\/div><\/div><div class=\"fg-item fg-type-image fg-idle\"><figure class=\"fg-item-inner\"><a href=\"https:\/\/convivir.org\/posta\/wp-content\/uploads\/2018\/05\/a-tomo-aburro-1c.png\" data-attachment-id=\"125\" data-type=\"image\" class=\"fg-thumb\"><span class=\"fg-image-wrap\"><img decoding=\"async\" width=\"551\" height=\"342\" class=\"skip-lazy fg-image\" data-src-fg=\"https:\/\/convivir.org\/posta\/wp-content\/uploads\/cache\/2018\/05\/a-tomo-aburro-1c\/1445485348.png\" src=\"data:image\/svg+xml,%3Csvg%20xmlns%3D%22http%3A%2F%2Fwww.w3.org%2F2000%2Fsvg%22%20width%3D%22551%22%20height%3D%22342%22%20viewBox%3D%220%200%20551%20342%22%3E%3C%2Fsvg%3E\" loading=\"eager\"><\/span><span class=\"fg-image-overlay\"><\/span><\/a><\/figure><div class=\"fg-loader\"><\/div><\/div><div class=\"fg-item fg-type-image fg-idle\"><figure class=\"fg-item-inner\"><a href=\"https:\/\/convivir.org\/posta\/wp-content\/uploads\/2018\/05\/a-loquito-bobito-c.png\" data-attachment-id=\"124\" data-type=\"image\" class=\"fg-thumb\"><span class=\"fg-image-wrap\"><img decoding=\"async\" width=\"551\" height=\"342\" class=\"skip-lazy fg-image\" data-src-fg=\"https:\/\/convivir.org\/posta\/wp-content\/uploads\/cache\/2018\/05\/a-loquito-bobito-c\/3627100767.png\" src=\"data:image\/svg+xml,%3Csvg%20xmlns%3D%22http%3A%2F%2Fwww.w3.org%2F2000%2Fsvg%22%20width%3D%22551%22%20height%3D%22342%22%20viewBox%3D%220%200%20551%20342%22%3E%3C%2Fsvg%3E\" loading=\"eager\"><\/span><span class=\"fg-image-overlay\"><\/span><\/a><\/figure><div class=\"fg-loader\"><\/div><\/div><div class=\"fg-item fg-type-image fg-idle\"><figure class=\"fg-item-inner\"><a href=\"https:\/\/convivir.org\/posta\/wp-content\/uploads\/2018\/05\/a-impotencia-c.png\" data-attachment-id=\"123\" data-type=\"image\" class=\"fg-thumb\"><span class=\"fg-image-wrap\"><img decoding=\"async\" width=\"551\" height=\"342\" class=\"skip-lazy fg-image\" data-src-fg=\"https:\/\/convivir.org\/posta\/wp-content\/uploads\/cache\/2018\/05\/a-impotencia-c\/829540857.png\" src=\"data:image\/svg+xml,%3Csvg%20xmlns%3D%22http%3A%2F%2Fwww.w3.org%2F2000%2Fsvg%22%20width%3D%22551%22%20height%3D%22342%22%20viewBox%3D%220%200%20551%20342%22%3E%3C%2Fsvg%3E\" loading=\"eager\"><\/span><span class=\"fg-image-overlay\"><\/span><\/a><\/figure><div class=\"fg-loader\"><\/div><\/div><div class=\"fg-item fg-type-image fg-idle\"><figure class=\"fg-item-inner\"><a href=\"https:\/\/convivir.org\/posta\/wp-content\/uploads\/2018\/05\/a-bestia-c.png\" data-attachment-id=\"122\" data-type=\"image\" class=\"fg-thumb\"><span class=\"fg-image-wrap\"><img decoding=\"async\" width=\"551\" height=\"342\" class=\"skip-lazy fg-image\" data-src-fg=\"https:\/\/convivir.org\/posta\/wp-content\/uploads\/cache\/2018\/05\/a-bestia-c\/446034989.png\" src=\"data:image\/svg+xml,%3Csvg%20xmlns%3D%22http%3A%2F%2Fwww.w3.org%2F2000%2Fsvg%22%20width%3D%22551%22%20height%3D%22342%22%20viewBox%3D%220%200%20551%20342%22%3E%3C%2Fsvg%3E\" loading=\"eager\"><\/span><span class=\"fg-image-overlay\"><\/span><\/a><\/figure><div class=\"fg-loader\"><\/div><\/div><div class=\"fg-item fg-type-image fg-idle\"><figure class=\"fg-item-inner\"><a href=\"https:\/\/convivir.org\/posta\/wp-content\/uploads\/2018\/05\/a-amargo-hiel-c.png\" data-attachment-id=\"121\" data-type=\"image\" class=\"fg-thumb\"><span class=\"fg-image-wrap\"><img decoding=\"async\" width=\"551\" height=\"342\" class=\"skip-lazy fg-image\" data-src-fg=\"https:\/\/convivir.org\/posta\/wp-content\/uploads\/cache\/2018\/05\/a-amargo-hiel-c\/3838024726.png\" src=\"data:image\/svg+xml,%3Csvg%20xmlns%3D%22http%3A%2F%2Fwww.w3.org%2F2000%2Fsvg%22%20width%3D%22551%22%20height%3D%22342%22%20viewBox%3D%220%200%20551%20342%22%3E%3C%2Fsvg%3E\" loading=\"eager\"><\/span><span class=\"fg-image-overlay\"><\/span><\/a><\/figure><div class=\"fg-loader\"><\/div><\/div><div class=\"fg-item fg-type-image fg-idle\"><figure class=\"fg-item-inner\"><a href=\"https:\/\/convivir.org\/posta\/wp-content\/uploads\/2018\/05\/a-tomo-aburro-2c.png\" data-attachment-id=\"120\" data-type=\"image\" class=\"fg-thumb\"><span class=\"fg-image-wrap\"><img decoding=\"async\" width=\"551\" height=\"342\" class=\"skip-lazy fg-image\" data-src-fg=\"https:\/\/convivir.org\/posta\/wp-content\/uploads\/cache\/2018\/05\/a-tomo-aburro-2c\/3919686257.png\" src=\"data:image\/svg+xml,%3Csvg%20xmlns%3D%22http%3A%2F%2Fwww.w3.org%2F2000%2Fsvg%22%20width%3D%22551%22%20height%3D%22342%22%20viewBox%3D%220%200%20551%20342%22%3E%3C%2Fsvg%3E\" loading=\"eager\"><\/span><span class=\"fg-image-overlay\"><\/span><\/a><\/figure><div class=\"fg-loader\"><\/div><\/div><div class=\"fg-item fg-type-image fg-idle\"><figure class=\"fg-item-inner\"><a href=\"https:\/\/convivir.org\/posta\/wp-content\/uploads\/2017\/12\/a-impotencia-c.png\" data-attachment-id=\"33\" data-type=\"image\" class=\"fg-thumb\"><span class=\"fg-image-wrap\"><img decoding=\"async\" width=\"551\" height=\"342\" class=\"skip-lazy fg-image\" data-src-fg=\"https:\/\/convivir.org\/posta\/wp-content\/uploads\/cache\/2017\/12\/a-impotencia-c\/1614407264.png\" src=\"data:image\/svg+xml,%3Csvg%20xmlns%3D%22http%3A%2F%2Fwww.w3.org%2F2000%2Fsvg%22%20width%3D%22551%22%20height%3D%22342%22%20viewBox%3D%220%200%20551%20342%22%3E%3C%2Fsvg%3E\" loading=\"eager\"><\/span><span class=\"fg-image-overlay\"><\/span><\/a><\/figure><div class=\"fg-loader\"><\/div><\/div><div class=\"fg-item fg-type-image fg-idle\"><figure class=\"fg-item-inner\"><a href=\"https:\/\/convivir.org\/posta\/wp-content\/uploads\/2017\/12\/a-loquito-bobito-c.png\" data-attachment-id=\"30\" data-type=\"image\" class=\"fg-thumb\"><span class=\"fg-image-wrap\"><img decoding=\"async\" width=\"551\" height=\"342\" class=\"skip-lazy fg-image\" data-src-fg=\"https:\/\/convivir.org\/posta\/wp-content\/uploads\/cache\/2017\/12\/a-loquito-bobito-c\/1859395413.png\" src=\"data:image\/svg+xml,%3Csvg%20xmlns%3D%22http%3A%2F%2Fwww.w3.org%2F2000%2Fsvg%22%20width%3D%22551%22%20height%3D%22342%22%20viewBox%3D%220%200%20551%20342%22%3E%3C%2Fsvg%3E\" loading=\"eager\"><\/span><span class=\"fg-image-overlay\"><\/span><\/a><\/figure><div class=\"fg-loader\"><\/div><\/div><div class=\"fg-item fg-type-image fg-idle\"><figure class=\"fg-item-inner\"><a href=\"https:\/\/convivir.org\/posta\/wp-content\/uploads\/2017\/12\/m-volar-arrastrar-c.png\" data-attachment-id=\"29\" data-type=\"image\" class=\"fg-thumb\"><span class=\"fg-image-wrap\"><img decoding=\"async\" width=\"551\" height=\"342\" class=\"skip-lazy fg-image\" data-src-fg=\"https:\/\/convivir.org\/posta\/wp-content\/uploads\/cache\/2017\/12\/m-volar-arrastrar-c\/3963314201.png\" src=\"data:image\/svg+xml,%3Csvg%20xmlns%3D%22http%3A%2F%2Fwww.w3.org%2F2000%2Fsvg%22%20width%3D%22551%22%20height%3D%22342%22%20viewBox%3D%220%200%20551%20342%22%3E%3C%2Fsvg%3E\" loading=\"eager\"><\/span><span class=\"fg-image-overlay\"><\/span><\/a><\/figure><div class=\"fg-loader\"><\/div><\/div><div class=\"fg-item fg-type-image fg-idle\"><figure class=\"fg-item-inner\"><a href=\"https:\/\/convivir.org\/posta\/wp-content\/uploads\/2018\/05\/3-personajes-3b.png\" data-attachment-id=\"130\" data-type=\"image\" class=\"fg-thumb\"><span class=\"fg-image-wrap\"><img decoding=\"async\" width=\"551\" height=\"341\" class=\"skip-lazy fg-image\" data-src-fg=\"https:\/\/convivir.org\/posta\/wp-content\/uploads\/cache\/2018\/05\/3-personajes-3b\/4143582847.png\" src=\"data:image\/svg+xml,%3Csvg%20xmlns%3D%22http%3A%2F%2Fwww.w3.org%2F2000%2Fsvg%22%20width%3D%22551%22%20height%3D%22341%22%20viewBox%3D%220%200%20551%20341%22%3E%3C%2Fsvg%3E\" loading=\"eager\"><\/span><span class=\"fg-image-overlay\"><\/span><\/a><\/figure><div class=\"fg-loader\"><\/div><\/div><div class=\"fg-item fg-type-image fg-idle\"><figure class=\"fg-item-inner\"><a href=\"https:\/\/convivir.org\/posta\/wp-content\/uploads\/2018\/05\/3-personajes-2b.png\" data-attachment-id=\"129\" data-type=\"image\" class=\"fg-thumb\"><span class=\"fg-image-wrap\"><img decoding=\"async\" width=\"551\" height=\"341\" class=\"skip-lazy fg-image\" data-src-fg=\"https:\/\/convivir.org\/posta\/wp-content\/uploads\/cache\/2018\/05\/3-personajes-2b\/2669690536.png\" src=\"data:image\/svg+xml,%3Csvg%20xmlns%3D%22http%3A%2F%2Fwww.w3.org%2F2000%2Fsvg%22%20width%3D%22551%22%20height%3D%22341%22%20viewBox%3D%220%200%20551%20341%22%3E%3C%2Fsvg%3E\" loading=\"eager\"><\/span><span class=\"fg-image-overlay\"><\/span><\/a><\/figure><div class=\"fg-loader\"><\/div><\/div>\t\t<\/div>\n\t\t<div class=\"fiv-ctrls\">\n\t\t\t<button type=\"button\" class=\"fiv-prev\" title=\"Previa\"><span>Previa<\/span><\/button>\n\t\t\t<label class=\"fiv-count\"><span class=\"fiv-count-current\">1<\/span>de<span class=\"fiv-count-total\">15<\/span><\/label>\n\t\t\t<button type=\"button\" class=\"fiv-next\" title=\"Siguiente\"><span>Siguiente<\/span><\/button>\n\t\t<\/div>\n\t<\/div>\n<\/div><style type=\"text\/css\">.foogallery a:hover:before {\r\n    background-color: rgba(255,187,17,0.8) !important;\r\n}\r\n.fbx-inner {\r\n    border-width: 26px !important;\r\n}<\/style>","protected":false},"excerpt":{"rendered":"<p>Posta es una p\u00e1gina pensada para chicos y chicas que quieran tener buena informaci\u00f3n para el cuidado de su salud y su bienestar.Aqu\u00ed encontrar\u00e1s informaci\u00f3n posta, es decir clara y confiable sobre el alcohol y &#8230; <\/p>\n<p class=\"read-more-container\"><a title=\"Inicio\" class=\"read-more button\" href=\"https:\/\/convivir.org\/posta\/#more-12\" aria-label=\"More on Inicio\">Leer m\u00e1s&#8230;<\/a><\/p>\n","protected":false},"author":1,"featured_media":0,"parent":0,"menu_order":0,"comment_status":"closed","ping_status":"closed","template":"","meta":{"_uag_custom_page_level_css":""},"uagb_featured_image_src":{"full":false,"thumbnail":false,"medium":false,"medium_large":false,"large":false,"1536x1536":false,"2048x2048":false},"uagb_author_info":{"display_name":"Daniel","author_link":"https:\/\/convivir.org\/posta\/author\/daniel\/"},"uagb_comment_info":0,"uagb_excerpt":"Posta es una p\u00e1gina pensada para chicos y chicas que quieran tener buena informaci\u00f3n para el cuidado de su salud y su bienestar.Aqu\u00ed encontrar\u00e1s informaci\u00f3n posta, es decir clara y confiable sobre el alcohol y ... Leer m\u00e1s...","_links":{"self":[{"href":"https:\/\/convivir.org\/posta\/wp-json\/wp\/v2\/pages\/12"}],"collection":[{"href":"https:\/\/convivir.org\/posta\/wp-json\/wp\/v2\/pages"}],"about":[{"href":"https:\/\/convivir.org\/posta\/wp-json\/wp\/v2\/types\/page"}],"author":[{"embeddable":true,"href":"https:\/\/convivir.org\/posta\/wp-json\/wp\/v2\/users\/1"}],"replies":[{"embeddable":true,"href":"https:\/\/convivir.org\/posta\/wp-json\/wp\/v2\/comments?post=12"}],"version-history":[{"count":23,"href":"https:\/\/convivir.org\/posta\/wp-json\/wp\/v2\/pages\/12\/revisions"}],"predecessor-version":[{"id":240,"href":"https:\/\/convivir.org\/posta\/wp-json\/wp\/v2\/pages\/12\/revisions\/240"}],"wp:attachment":[{"href":"https:\/\/convivir.org\/posta\/wp-json\/wp\/v2\/media?parent=12"}],"curies":[{"name":"wp","href":"https:\/\/api.w.org\/{rel}","templated":true}]}}